{"id":249,"date":"2024-11-04T11:36:00","date_gmt":"2024-11-04T10:36:00","guid":{"rendered":"http:\/\/dk-studio.be\/?page_id=249"},"modified":"2024-11-04T15:11:33","modified_gmt":"2024-11-04T14:11:33","slug":"realisations-graphiques","status":"publish","type":"page","link":"http:\/\/dk-studio.be\/?page_id=249","title":{"rendered":"REALISATIONS GRAPHIQUES"},"content":{"rendered":"\n[et_pb_section fb_built=\u00a0\u00bb1&Prime; _builder_version=\u00a0\u00bb4.24.3&Prime; _module_preset=\u00a0\u00bbdefault\u00a0\u00bb global_colors_info=\u00a0\u00bb{}\u00a0\u00bb][et_pb_row _builder_version=\u00a0\u00bb4.24.3&Prime; _module_preset=\u00a0\u00bbdefault\u00a0\u00bb custom_padding=\u00a0\u00bb||1px|||\u00a0\u00bb global_colors_info=\u00a0\u00bb{}\u00a0\u00bb][et_pb_column type=\u00a0\u00bb4_4&Prime; _builder_version=\u00a0\u00bb4.24.3&Prime; _module_preset=\u00a0\u00bbdefault\u00a0\u00bb global_colors_info=\u00a0\u00bb{}\u00a0\u00bb][et_pb_text _builder_version=\u00a0\u00bb4.24.3&Prime; _module_preset=\u00a0\u00bbdefault\u00a0\u00bb text_font=\u00a0\u00bbRaleway|300|||||||\u00a0\u00bb text_font_size=\u00a0\u00bb31px\u00a0\u00bb global_colors_info=\u00a0\u00bb{}\u00a0\u00bb]<p>R\u00c9ALISATIONS GRAPHIQUES<\/p>[\/et_pb_text][et_pb_text _builder_version=\u00a0\u00bb4.24.3&Prime; _module_preset=\u00a0\u00bbdefault\u00a0\u00bb text_font=\u00a0\u00bbRaleway|300|||||||\u00a0\u00bb text_font_size=\u00a0\u00bb19px\u00a0\u00bb hover_enabled=\u00a0\u00bb0&Prime; global_colors_info=\u00a0\u00bb{}\u00a0\u00bb text_line_height=\u00a0\u00bb1.8em\u00a0\u00bb sticky_enabled=\u00a0\u00bb0&Prime;]<p>Un aper\u00e7u de diff\u00e9rents travaux regroupant identit\u00e9 graphique, mise en page, mat\u00e9riel de communication, impl\u00e9mentation et suivi r\u00e9seaux sociaux\u2026<\/p>[\/et_pb_text][et_pb_image src=\u00a0\u00bbhttp:\/\/dk-studio.be\/wp-content\/uploads\/2024\/04\/dKLIKK.png\u00a0\u00bb title_text=\u00a0\u00bbdKLIKK\u00a0\u00bb url=\u00a0\u00bbhttp:\/\/dk-studio.be\/?page_id=88&Prime; url_new_window=\u00a0\u00bbon\u00a0\u00bb _builder_version=\u00a0\u00bb4.24.3&Prime; _module_preset=\u00a0\u00bbdefault\u00a0\u00bb global_colors_info=\u00a0\u00bb{}\u00a0\u00bb][\/et_pb_image][\/et_pb_column][\/et_pb_row][et_pb_row column_structure=\u00a0\u00bb2_5,3_5&Prime; _builder_version=\u00a0\u00bb4.24.3&Prime; _module_preset=\u00a0\u00bbdefault\u00a0\u00bb global_colors_info=\u00a0\u00bb{}\u00a0\u00bb][et_pb_column type=\u00a0\u00bb2_5&Prime; _builder_version=\u00a0\u00bb4.24.3&Prime; _module_preset=\u00a0\u00bbdefault\u00a0\u00bb global_colors_info=\u00a0\u00bb{}\u00a0\u00bb][et_pb_image src=\u00a0\u00bbhttp:\/\/dk-studio.be\/wp-content\/uploads\/2024\/04\/Boostez_Anne-Everard.png\u00a0\u00bb title_text=\u00a0\u00bbBoostez_Anne Everard\u00a0\u00bb url=\u00a0\u00bbhttp:\/\/dk-studio.be\/?page_id=122&Prime; url_new_window=\u00a0\u00bbon\u00a0\u00bb _builder_version=\u00a0\u00bb4.24.3&Prime; _module_preset=\u00a0\u00bbdefault\u00a0\u00bb custom_padding=\u00a0\u00bb||0px|||\u00a0\u00bb global_colors_info=\u00a0\u00bb{}\u00a0\u00bb][\/et_pb_image][\/et_pb_column][et_pb_column type=\u00a0\u00bb3_5&Prime; _builder_version=\u00a0\u00bb4.24.3&Prime; _module_preset=\u00a0\u00bbdefault\u00a0\u00bb global_colors_info=\u00a0\u00bb{}\u00a0\u00bb][et_pb_image src=\u00a0\u00bbhttp:\/\/dk-studio.be\/wp-content\/uploads\/2024\/04\/Edition-Plantyn.png\u00a0\u00bb title_text=\u00a0\u00bbEdition-Plantyn\u00a0\u00bb url=\u00a0\u00bbhttp:\/\/dk-studio.be\/?page_id=138&Prime; url_new_window=\u00a0\u00bbon\u00a0\u00bb _builder_version=\u00a0\u00bb4.24.3&Prime; _module_preset=\u00a0\u00bbdefault\u00a0\u00bb background_color=\u00a0\u00bb#a1a5a9&Prime; width=\u00a0\u00bb100%\u00a0\u00bb custom_margin=\u00a0\u00bb||2px|||\u00a0\u00bb custom_padding=\u00a0\u00bb||57px|||\u00a0\u00bb global_colors_info=\u00a0\u00bb{}\u00a0\u00bb][\/et_pb_image][\/et_pb_column][\/et_pb_row][et_pb_row column_structure=\u00a0\u00bb2_3,1_3&Prime; _builder_version=\u00a0\u00bb4.24.3&Prime; _module_preset=\u00a0\u00bbdefault\u00a0\u00bb global_colors_info=\u00a0\u00bb{}\u00a0\u00bb][et_pb_column type=\u00a0\u00bb2_3&Prime; _builder_version=\u00a0\u00bb4.24.3&Prime; _module_preset=\u00a0\u00bbdefault\u00a0\u00bb global_colors_info=\u00a0\u00bb{}\u00a0\u00bb][et_pb_image src=\u00a0\u00bbhttp:\/\/dk-studio.be\/wp-content\/uploads\/2024\/04\/Taste-et-home.png\u00a0\u00bb title_text=\u00a0\u00bbTaste et home\u00a0\u00bb url=\u00a0\u00bbhttp:\/\/dk-studio.be\/?page_id=110&Prime; url_new_window=\u00a0\u00bbon\u00a0\u00bb align=\u00a0\u00bbright\u00a0\u00bb _builder_version=\u00a0\u00bb4.24.3&Prime; _module_preset=\u00a0\u00bbdefault\u00a0\u00bb background_color=\u00a0\u00bb#f0a23b\u00a0\u00bb width=\u00a0\u00bb100%\u00a0\u00bb custom_margin=\u00a0\u00bb-32px||||false|false\u00a0\u00bb global_colors_info=\u00a0\u00bb{}\u00a0\u00bb][\/et_pb_image][\/et_pb_column][et_pb_column type=\u00a0\u00bb1_3&Prime; _builder_version=\u00a0\u00bb4.24.3&Prime; _module_preset=\u00a0\u00bbdefault\u00a0\u00bb global_colors_info=\u00a0\u00bb{}\u00a0\u00bb][et_pb_image src=\u00a0\u00bbhttp:\/\/dk-studio.be\/wp-content\/uploads\/2024\/04\/Colette-2.png\u00a0\u00bb title_text=\u00a0\u00bbColette 2&Prime; url=\u00a0\u00bbhttp:\/\/dk-studio.be\/?page_id=178&Prime; url_new_window=\u00a0\u00bbon\u00a0\u00bb align=\u00a0\u00bbright\u00a0\u00bb _builder_version=\u00a0\u00bb4.24.3&Prime; _module_preset=\u00a0\u00bbdefault\u00a0\u00bb width=\u00a0\u00bb100%\u00a0\u00bb module_alignment=\u00a0\u00bbright\u00a0\u00bb custom_margin=\u00a0\u00bb48px||48px||true|false\u00a0\u00bb border_width_all=\u00a0\u00bb4px\u00a0\u00bb border_color_all=\u00a0\u00bb#f0a23b\u00a0\u00bb global_colors_info=\u00a0\u00bb{}\u00a0\u00bb][\/et_pb_image][\/et_pb_column][\/et_pb_row][et_pb_row column_structure=\u00a0\u00bb1_2,1_2&Prime; _builder_version=\u00a0\u00bb4.24.3&Prime; _module_preset=\u00a0\u00bbdefault\u00a0\u00bb global_colors_info=\u00a0\u00bb{}\u00a0\u00bb][et_pb_column type=\u00a0\u00bb1_2&Prime; _builder_version=\u00a0\u00bb4.24.3&Prime; _module_preset=\u00a0\u00bbdefault\u00a0\u00bb global_colors_info=\u00a0\u00bb{}\u00a0\u00bb][et_pb_image src=\u00a0\u00bbhttp:\/\/dk-studio.be\/wp-content\/uploads\/2024\/04\/MPFM.png\u00a0\u00bb title_text=\u00a0\u00bbMPFM\u00a0\u00bb url=\u00a0\u00bbhttp:\/\/dk-studio.be\/?page_id=235&Prime; url_new_window=\u00a0\u00bbon\u00a0\u00bb _builder_version=\u00a0\u00bb4.24.3&Prime; _module_preset=\u00a0\u00bbdefault\u00a0\u00bb global_colors_info=\u00a0\u00bb{}\u00a0\u00bb][\/et_pb_image][\/et_pb_column][et_pb_column type=\u00a0\u00bb1_2&Prime; _builder_version=\u00a0\u00bb4.24.3&Prime; _module_preset=\u00a0\u00bbdefault\u00a0\u00bb global_colors_info=\u00a0\u00bb{}\u00a0\u00bb][et_pb_image src=\u00a0\u00bbhttp:\/\/dk-studio.be\/wp-content\/uploads\/2024\/07\/Homa-Kapitalo_Logo-scaled.jpg\u00a0\u00bb title_text=\u00a0\u00bbHoma-Kapitalo_Logo\u00a0\u00bb _builder_version=\u00a0\u00bb4.24.3&Prime; _module_preset=\u00a0\u00bbdefault\u00a0\u00bb custom_margin=\u00a0\u00bb||0px||false|false\u00a0\u00bb custom_padding=\u00a0\u00bb35px||||false|false\u00a0\u00bb border_width_all=\u00a0\u00bb4px\u00a0\u00bb border_color_all=\u00a0\u00bb#D4D0D0&Prime; global_colors_info=\u00a0\u00bb{}\u00a0\u00bb][\/et_pb_image][\/et_pb_column][\/et_pb_row][\/et_pb_section]\n","protected":false},"excerpt":{"rendered":"<p>R\u00c9ALISATIONS GRAPHIQUESUn aper\u00e7u de diff\u00e9rents travaux regroupant identit\u00e9 graphique, mise en page, mat\u00e9riel de communication, impl\u00e9mentation et suivi r\u00e9seaux sociaux\u2026<\/p>\n","protected":false},"author":1,"featured_media":0,"parent":0,"menu_order":0,"comment_status":"closed","ping_status":"closed","template":"","meta":{"_et_pb_use_builder":"on","_et_pb_old_content":"","_et_gb_content_width":"","footnotes":""},"class_list":["post-249","page","type-page","status-publish","hentry"],"yoast_head":"<!-- This site is optimized with the Yoast SEO plugin v22.8 - https:\/\/yoast.com\/wordpress\/plugins\/seo\/ -->\n<title>REALISATIONS GRAPHIQUES - dK-Studio<\/title>\n<meta name=\"description\" content=\"Ensemble des travaux graphiques comprenant l&#039;identit\u00e9 graphique, mat\u00e9riel de communication, r\u00e9seaux sociaux\u2026\" \/>\n<meta name=\"robots\" content=\"index, follow, max-snippet:-1, max-image-preview:large, max-video-preview:-1\" \/>\n<link rel=\"canonical\" href=\"http:\/\/dk-studio.be\/?page_id=249\" \/>\n<meta property=\"og:locale\" content=\"fr_FR\" \/>\n<meta property=\"og:type\" content=\"article\" \/>\n<meta property=\"og:title\" content=\"REALISATIONS GRAPHIQUES - dK-Studio\" \/>\n<meta property=\"og:description\" content=\"Ensemble des travaux graphiques comprenant l&#039;identit\u00e9 graphique, mat\u00e9riel de communication, r\u00e9seaux sociaux\u2026\" \/>\n<meta property=\"og:url\" content=\"http:\/\/dk-studio.be\/?page_id=249\" \/>\n<meta property=\"og:site_name\" content=\"dK-Studio\" \/>\n<meta property=\"article:modified_time\" content=\"2024-11-04T14:11:33+00:00\" \/>\n<meta name=\"twitter:card\" content=\"summary_large_image\" \/>\n<meta name=\"twitter:label1\" content=\"Dur\u00e9e de lecture estim\u00e9e\" \/>\n\t<meta name=\"twitter:data1\" content=\"2 minutes\" \/>\n<script type=\"application\/ld+json\" class=\"yoast-schema-graph\">{\"@context\":\"https:\/\/schema.org\",\"@graph\":[{\"@type\":\"WebPage\",\"@id\":\"http:\/\/dk-studio.be\/?page_id=249\",\"url\":\"http:\/\/dk-studio.be\/?page_id=249\",\"name\":\"REALISATIONS GRAPHIQUES - dK-Studio\",\"isPartOf\":{\"@id\":\"http:\/\/dk-studio.be\/#website\"},\"datePublished\":\"2024-11-04T10:36:00+00:00\",\"dateModified\":\"2024-11-04T14:11:33+00:00\",\"description\":\"Ensemble des travaux graphiques comprenant l'identit\u00e9 graphique, mat\u00e9riel de communication, r\u00e9seaux sociaux\u2026\",\"breadcrumb\":{\"@id\":\"http:\/\/dk-studio.be\/?page_id=249#breadcrumb\"},\"inLanguage\":\"fr-FR\",\"potentialAction\":[{\"@type\":\"ReadAction\",\"target\":[\"http:\/\/dk-studio.be\/?page_id=249\"]}]},{\"@type\":\"BreadcrumbList\",\"@id\":\"http:\/\/dk-studio.be\/?page_id=249#breadcrumb\",\"itemListElement\":[{\"@type\":\"ListItem\",\"position\":1,\"name\":\"Accueil\",\"item\":\"http:\/\/dk-studio.be\/\"},{\"@type\":\"ListItem\",\"position\":2,\"name\":\"REALISATIONS GRAPHIQUES\"}]},{\"@type\":\"WebSite\",\"@id\":\"http:\/\/dk-studio.be\/#website\",\"url\":\"http:\/\/dk-studio.be\/\",\"name\":\"dK-Studio\",\"description\":\"Communiquez !\",\"potentialAction\":[{\"@type\":\"SearchAction\",\"target\":{\"@type\":\"EntryPoint\",\"urlTemplate\":\"http:\/\/dk-studio.be\/?s={search_term_string}\"},\"query-input\":\"required name=search_term_string\"}],\"inLanguage\":\"fr-FR\"}]}<\/script>\n<!-- \/ Yoast SEO plugin. -->","yoast_head_json":{"title":"REALISATIONS GRAPHIQUES - dK-Studio","description":"Ensemble des travaux graphiques comprenant l'identit\u00e9 graphique, mat\u00e9riel de communication, r\u00e9seaux sociaux\u2026","robots":{"index":"index","follow":"follow","max-snippet":"max-snippet:-1","max-image-preview":"max-image-preview:large","max-video-preview":"max-video-preview:-1"},"canonical":"http:\/\/dk-studio.be\/?page_id=249","og_locale":"fr_FR","og_type":"article","og_title":"REALISATIONS GRAPHIQUES - dK-Studio","og_description":"Ensemble des travaux graphiques comprenant l'identit\u00e9 graphique, mat\u00e9riel de communication, r\u00e9seaux sociaux\u2026","og_url":"http:\/\/dk-studio.be\/?page_id=249","og_site_name":"dK-Studio","article_modified_time":"2024-11-04T14:11:33+00:00","twitter_card":"summary_large_image","twitter_misc":{"Dur\u00e9e de lecture estim\u00e9e":"2 minutes"},"schema":{"@context":"https:\/\/schema.org","@graph":[{"@type":"WebPage","@id":"http:\/\/dk-studio.be\/?page_id=249","url":"http:\/\/dk-studio.be\/?page_id=249","name":"REALISATIONS GRAPHIQUES - dK-Studio","isPartOf":{"@id":"http:\/\/dk-studio.be\/#website"},"datePublished":"2024-11-04T10:36:00+00:00","dateModified":"2024-11-04T14:11:33+00:00","description":"Ensemble des travaux graphiques comprenant l'identit\u00e9 graphique, mat\u00e9riel de communication, r\u00e9seaux sociaux\u2026","breadcrumb":{"@id":"http:\/\/dk-studio.be\/?page_id=249#breadcrumb"},"inLanguage":"fr-FR","potentialAction":[{"@type":"ReadAction","target":["http:\/\/dk-studio.be\/?page_id=249"]}]},{"@type":"BreadcrumbList","@id":"http:\/\/dk-studio.be\/?page_id=249#breadcrumb","itemListElement":[{"@type":"ListItem","position":1,"name":"Accueil","item":"http:\/\/dk-studio.be\/"},{"@type":"ListItem","position":2,"name":"REALISATIONS GRAPHIQUES"}]},{"@type":"WebSite","@id":"http:\/\/dk-studio.be\/#website","url":"http:\/\/dk-studio.be\/","name":"dK-Studio","description":"Communiquez !","potentialAction":[{"@type":"SearchAction","target":{"@type":"EntryPoint","urlTemplate":"http:\/\/dk-studio.be\/?s={search_term_string}"},"query-input":"required name=search_term_string"}],"inLanguage":"fr-FR"}]}},"_links":{"self":[{"href":"http:\/\/dk-studio.be\/index.php?rest_route=\/wp\/v2\/pages\/249","targetHints":{"allow":["GET"]}}],"collection":[{"href":"http:\/\/dk-studio.be\/index.php?rest_route=\/wp\/v2\/pages"}],"about":[{"href":"http:\/\/dk-studio.be\/index.php?rest_route=\/wp\/v2\/types\/page"}],"author":[{"embeddable":true,"href":"http:\/\/dk-studio.be\/index.php?rest_route=\/wp\/v2\/users\/1"}],"replies":[{"embeddable":true,"href":"http:\/\/dk-studio.be\/index.php?rest_route=%2Fwp%2Fv2%2Fcomments&post=249"}],"version-history":[{"count":6,"href":"http:\/\/dk-studio.be\/index.php?rest_route=\/wp\/v2\/pages\/249\/revisions"}],"predecessor-version":[{"id":258,"href":"http:\/\/dk-studio.be\/index.php?rest_route=\/wp\/v2\/pages\/249\/revisions\/258"}],"wp:attachment":[{"href":"http:\/\/dk-studio.be\/index.php?rest_route=%2Fwp%2Fv2%2Fmedia&parent=249"}],"curies":[{"name":"wp","href":"https:\/\/api.w.org\/{rel}","templated":true}]}}