{"id":178,"date":"2024-04-09T10:41:06","date_gmt":"2024-04-09T08:41:06","guid":{"rendered":"http:\/\/dk-studio.be\/?page_id=178"},"modified":"2024-11-04T15:26:47","modified_gmt":"2024-11-04T14:26:47","slug":"colette","status":"publish","type":"page","link":"http:\/\/dk-studio.be\/?page_id=178","title":{"rendered":"Colette"},"content":{"rendered":"<p>[et_pb_section fb_built=\u00a0\u00bb1&Prime; _builder_version=\u00a0\u00bb4.24.3&Prime; _module_preset=\u00a0\u00bbdefault\u00a0\u00bb global_colors_info=\u00a0\u00bb{}\u00a0\u00bb][et_pb_row _builder_version=\u00a0\u00bb4.24.3&Prime; _module_preset=\u00a0\u00bbdefault\u00a0\u00bb custom_padding=\u00a0\u00bb66px|||||\u00a0\u00bb global_colors_info=\u00a0\u00bb{}\u00a0\u00bb][et_pb_column type=\u00a0\u00bb4_4&Prime; _builder_version=\u00a0\u00bb4.24.3&Prime; _module_preset=\u00a0\u00bbdefault\u00a0\u00bb global_colors_info=\u00a0\u00bb{}\u00a0\u00bb][et_pb_divider _builder_version=\u00a0\u00bb4.24.3&Prime; _module_preset=\u00a0\u00bbdefault\u00a0\u00bb global_colors_info=\u00a0\u00bb{}\u00a0\u00bb][\/et_pb_divider][et_pb_text _builder_version=\u00a0\u00bb4.24.3&Prime; _module_preset=\u00a0\u00bbdefault\u00a0\u00bb text_font_size=\u00a0\u00bb14px\u00a0\u00bb header_font=\u00a0\u00bbRaleway|600|||||||\u00a0\u00bb header_font_size=\u00a0\u00bb54px\u00a0\u00bb global_colors_info=\u00a0\u00bb{}\u00a0\u00bb]<\/p>\n<h1 style=\"text-align: center;\">COLETTE<\/h1>\n<p>[\/et_pb_text][et_pb_divider _builder_version=\u00a0\u00bb4.24.3&Prime; _module_preset=\u00a0\u00bbdefault\u00a0\u00bb global_colors_info=\u00a0\u00bb{}\u00a0\u00bb][\/et_pb_divider][et_pb_text _builder_version=\u00a0\u00bb4.24.3&Prime; _module_preset=\u00a0\u00bbdefault\u00a0\u00bb text_font=\u00a0\u00bbRaleway|300|||||||\u00a0\u00bb text_font_size=\u00a0\u00bb22px\u00a0\u00bb text_line_height=\u00a0\u00bb1.8em\u00a0\u00bb global_colors_info=\u00a0\u00bb{}\u00a0\u00bb]<\/p>\n<p class=\"view-mode unstyled align-center\" style=\"text-align: center;\"><span>Colette est sp\u00e9cialis\u00e9e dans l&rsquo;accompagnement des femmes pour lesquelles le chemin vers la maternit\u00e9 ne se passe pas comme pr\u00e9vu. Elle accompagne les femmes avec calme, \u00e9coute, bienveillance et professionnalisme.<\/span><\/p>\n<p style=\"text-align: center;\">J&rsquo;ai r\u00e9alis\u00e9 pour Colette son logo.<\/p>\n<p class=\"view-mode unstyled align-center\" style=\"text-align: center;\"><span>Elle le voulait simple et gracieux.<\/span><\/p>\n<p class=\"view-mode unstyled align-center\" style=\"text-align: center;\"><span>La recherche a \u00e9t\u00e9 effectu\u00e9e surtout autour de la police de caract\u00e8re qui devait etre l\u00e9g\u00e8re et \u00e9l\u00e9gante.<\/span><\/p>\n<p class=\"view-mode unstyled align-center\" style=\"text-align: center;\"><span>Avec Colette, avons pens\u00e9 \u00e0 la fleur, inspir\u00e9e du symbole de vie et j&rsquo;ai propos\u00e9 \u00e0 Colette de d\u00e9cliner son logo en favicon, <\/span><span style=\"font-size: 22px;\">un incontournable pour les sites internet.<\/span><\/p>\n<p class=\"view-mode unstyled align-center\" style=\"text-align: center;\">R\u00c9ALISATIONS :<br \/>Logo \/ Favicon \/ Charte graphique<span style=\"font-size: 22px;\"><\/span><\/p>\n<p class=\"view-mode unstyled align-center\" style=\"text-align: center;\"><span style=\"font-size: 22px;\"><\/span><\/p>\n<p>[\/et_pb_text][\/et_pb_column][\/et_pb_row][et_pb_row _builder_version=\u00a0\u00bb4.24.3&Prime; _module_preset=\u00a0\u00bbdefault\u00a0\u00bb global_colors_info=\u00a0\u00bb{}\u00a0\u00bb][et_pb_column type=\u00a0\u00bb4_4&Prime; _builder_version=\u00a0\u00bb4.24.3&Prime; _module_preset=\u00a0\u00bbdefault\u00a0\u00bb global_colors_info=\u00a0\u00bb{}\u00a0\u00bb][et_pb_image src=\u00a0\u00bbhttp:\/\/dk-studio.be\/wp-content\/uploads\/2024\/04\/Colette-logo.png\u00a0\u00bb title_text=\u00a0\u00bbColette logo\u00a0\u00bb _builder_version=\u00a0\u00bb4.24.3&Prime; _module_preset=\u00a0\u00bbdefault\u00a0\u00bb global_colors_info=\u00a0\u00bb{}\u00a0\u00bb][\/et_pb_image][\/et_pb_column][\/et_pb_row][et_pb_row _builder_version=\u00a0\u00bb4.24.3&Prime; _module_preset=\u00a0\u00bbdefault\u00a0\u00bb global_colors_info=\u00a0\u00bb{}\u00a0\u00bb][et_pb_column type=\u00a0\u00bb4_4&Prime; _builder_version=\u00a0\u00bb4.24.3&Prime; _module_preset=\u00a0\u00bbdefault\u00a0\u00bb global_colors_info=\u00a0\u00bb{}\u00a0\u00bb][et_pb_image src=\u00a0\u00bbhttp:\/\/dk-studio.be\/wp-content\/uploads\/2024\/04\/Colette-charte-graphique.png\u00a0\u00bb title_text=\u00a0\u00bbColette-charte-graphique\u00a0\u00bb _builder_version=\u00a0\u00bb4.24.3&Prime; _module_preset=\u00a0\u00bbdefault\u00a0\u00bb global_colors_info=\u00a0\u00bb{}\u00a0\u00bb][\/et_pb_image][\/et_pb_column][\/et_pb_row][et_pb_row _builder_version=\u00a0\u00bb4.24.3&Prime; _module_preset=\u00a0\u00bbdefault\u00a0\u00bb][et_pb_column _builder_version=\u00a0\u00bb4.24.3&Prime; _module_preset=\u00a0\u00bbdefault\u00a0\u00bb type=\u00a0\u00bb4_4&Prime;][et_pb_text _builder_version=\u00a0\u00bb4.24.3&Prime; _module_preset=\u00a0\u00bbdefault\u00a0\u00bb text_font=\u00a0\u00bbRaleway|600|||||||\u00a0\u00bb text_font_size=\u00a0\u00bb22px\u00a0\u00bb text_line_height=\u00a0\u00bb1em\u00a0\u00bb custom_padding=\u00a0\u00bb29px|||||\u00a0\u00bb global_colors_info=\u00a0\u00bb{}\u00a0\u00bb theme_builder_area=\u00a0\u00bbpost_content\u00a0\u00bb]<\/p>\n<p style=\"text-align: center;\"><a href=\"http:\/\/dk-studio.be\/?page_id=249\">&gt;&gt;&gt; RETOUR AUX REALISATIONS &lt;&lt;&lt;<\/a><\/p>\n<p style=\"text-align: center;\">\n<p>[\/et_pb_text][\/et_pb_column][\/et_pb_row][\/et_pb_section]<\/p>\n","protected":false},"excerpt":{"rendered":"<p>COLETTEColette est sp\u00e9cialis\u00e9e dans l&rsquo;accompagnement des femmes pour lesquelles le chemin vers la maternit\u00e9 ne se passe pas comme pr\u00e9vu. Elle accompagne les femmes avec calme, \u00e9coute, bienveillance et professionnalisme. J&rsquo;ai r\u00e9alis\u00e9 pour Colette son logo. Elle le voulait simple et gracieux. La recherche a \u00e9t\u00e9 effectu\u00e9e surtout autour de la police de caract\u00e8re qui [&hellip;]<\/p>\n","protected":false},"author":1,"featured_media":0,"parent":0,"menu_order":0,"comment_status":"closed","ping_status":"closed","template":"","meta":{"_et_pb_use_builder":"on","_et_pb_old_content":"","_et_gb_content_width":"","footnotes":""},"class_list":["post-178","page","type-page","status-publish","hentry"],"yoast_head":"<!-- This site is optimized with the Yoast SEO plugin v22.8 - https:\/\/yoast.com\/wordpress\/plugins\/seo\/ -->\n<title>Colette - dK-Studio<\/title>\n<meta name=\"robots\" content=\"index, follow, max-snippet:-1, max-image-preview:large, max-video-preview:-1\" \/>\n<link rel=\"canonical\" href=\"http:\/\/dk-studio.be\/?page_id=178\" \/>\n<meta property=\"og:locale\" content=\"fr_FR\" \/>\n<meta property=\"og:type\" content=\"article\" \/>\n<meta property=\"og:title\" content=\"Colette - dK-Studio\" \/>\n<meta property=\"og:description\" content=\"COLETTEColette est sp\u00e9cialis\u00e9e dans l&#039;accompagnement des femmes pour lesquelles le chemin vers la maternit\u00e9 ne se passe pas comme pr\u00e9vu. Elle accompagne les femmes avec calme, \u00e9coute, bienveillance et professionnalisme. J&#039;ai r\u00e9alis\u00e9 pour Colette son logo. Elle le voulait simple et gracieux. La recherche a \u00e9t\u00e9 effectu\u00e9e surtout autour de la police de caract\u00e8re qui [&hellip;]\" \/>\n<meta property=\"og:url\" content=\"http:\/\/dk-studio.be\/?page_id=178\" \/>\n<meta property=\"og:site_name\" content=\"dK-Studio\" \/>\n<meta property=\"article:modified_time\" content=\"2024-11-04T14:26:47+00:00\" \/>\n<meta name=\"twitter:card\" content=\"summary_large_image\" \/>\n<script type=\"application\/ld+json\" class=\"yoast-schema-graph\">{\"@context\":\"https:\/\/schema.org\",\"@graph\":[{\"@type\":\"WebPage\",\"@id\":\"http:\/\/dk-studio.be\/?page_id=178\",\"url\":\"http:\/\/dk-studio.be\/?page_id=178\",\"name\":\"Colette - dK-Studio\",\"isPartOf\":{\"@id\":\"http:\/\/dk-studio.be\/#website\"},\"datePublished\":\"2024-04-09T08:41:06+00:00\",\"dateModified\":\"2024-11-04T14:26:47+00:00\",\"breadcrumb\":{\"@id\":\"http:\/\/dk-studio.be\/?page_id=178#breadcrumb\"},\"inLanguage\":\"fr-FR\",\"potentialAction\":[{\"@type\":\"ReadAction\",\"target\":[\"http:\/\/dk-studio.be\/?page_id=178\"]}]},{\"@type\":\"BreadcrumbList\",\"@id\":\"http:\/\/dk-studio.be\/?page_id=178#breadcrumb\",\"itemListElement\":[{\"@type\":\"ListItem\",\"position\":1,\"name\":\"Accueil\",\"item\":\"http:\/\/dk-studio.be\/\"},{\"@type\":\"ListItem\",\"position\":2,\"name\":\"Colette\"}]},{\"@type\":\"WebSite\",\"@id\":\"http:\/\/dk-studio.be\/#website\",\"url\":\"http:\/\/dk-studio.be\/\",\"name\":\"dK-Studio\",\"description\":\"Communiquez !\",\"potentialAction\":[{\"@type\":\"SearchAction\",\"target\":{\"@type\":\"EntryPoint\",\"urlTemplate\":\"http:\/\/dk-studio.be\/?s={search_term_string}\"},\"query-input\":\"required name=search_term_string\"}],\"inLanguage\":\"fr-FR\"}]}<\/script>\n<!-- \/ Yoast SEO plugin. -->","yoast_head_json":{"title":"Colette - dK-Studio","robots":{"index":"index","follow":"follow","max-snippet":"max-snippet:-1","max-image-preview":"max-image-preview:large","max-video-preview":"max-video-preview:-1"},"canonical":"http:\/\/dk-studio.be\/?page_id=178","og_locale":"fr_FR","og_type":"article","og_title":"Colette - dK-Studio","og_description":"COLETTEColette est sp\u00e9cialis\u00e9e dans l'accompagnement des femmes pour lesquelles le chemin vers la maternit\u00e9 ne se passe pas comme pr\u00e9vu. Elle accompagne les femmes avec calme, \u00e9coute, bienveillance et professionnalisme. J'ai r\u00e9alis\u00e9 pour Colette son logo. Elle le voulait simple et gracieux. La recherche a \u00e9t\u00e9 effectu\u00e9e surtout autour de la police de caract\u00e8re qui [&hellip;]","og_url":"http:\/\/dk-studio.be\/?page_id=178","og_site_name":"dK-Studio","article_modified_time":"2024-11-04T14:26:47+00:00","twitter_card":"summary_large_image","schema":{"@context":"https:\/\/schema.org","@graph":[{"@type":"WebPage","@id":"http:\/\/dk-studio.be\/?page_id=178","url":"http:\/\/dk-studio.be\/?page_id=178","name":"Colette - dK-Studio","isPartOf":{"@id":"http:\/\/dk-studio.be\/#website"},"datePublished":"2024-04-09T08:41:06+00:00","dateModified":"2024-11-04T14:26:47+00:00","breadcrumb":{"@id":"http:\/\/dk-studio.be\/?page_id=178#breadcrumb"},"inLanguage":"fr-FR","potentialAction":[{"@type":"ReadAction","target":["http:\/\/dk-studio.be\/?page_id=178"]}]},{"@type":"BreadcrumbList","@id":"http:\/\/dk-studio.be\/?page_id=178#breadcrumb","itemListElement":[{"@type":"ListItem","position":1,"name":"Accueil","item":"http:\/\/dk-studio.be\/"},{"@type":"ListItem","position":2,"name":"Colette"}]},{"@type":"WebSite","@id":"http:\/\/dk-studio.be\/#website","url":"http:\/\/dk-studio.be\/","name":"dK-Studio","description":"Communiquez !","potentialAction":[{"@type":"SearchAction","target":{"@type":"EntryPoint","urlTemplate":"http:\/\/dk-studio.be\/?s={search_term_string}"},"query-input":"required name=search_term_string"}],"inLanguage":"fr-FR"}]}},"_links":{"self":[{"href":"http:\/\/dk-studio.be\/index.php?rest_route=\/wp\/v2\/pages\/178","targetHints":{"allow":["GET"]}}],"collection":[{"href":"http:\/\/dk-studio.be\/index.php?rest_route=\/wp\/v2\/pages"}],"about":[{"href":"http:\/\/dk-studio.be\/index.php?rest_route=\/wp\/v2\/types\/page"}],"author":[{"embeddable":true,"href":"http:\/\/dk-studio.be\/index.php?rest_route=\/wp\/v2\/users\/1"}],"replies":[{"embeddable":true,"href":"http:\/\/dk-studio.be\/index.php?rest_route=%2Fwp%2Fv2%2Fcomments&post=178"}],"version-history":[{"count":3,"href":"http:\/\/dk-studio.be\/index.php?rest_route=\/wp\/v2\/pages\/178\/revisions"}],"predecessor-version":[{"id":268,"href":"http:\/\/dk-studio.be\/index.php?rest_route=\/wp\/v2\/pages\/178\/revisions\/268"}],"wp:attachment":[{"href":"http:\/\/dk-studio.be\/index.php?rest_route=%2Fwp%2Fv2%2Fmedia&parent=178"}],"curies":[{"name":"wp","href":"https:\/\/api.w.org\/{rel}","templated":true}]}}