{"id":12,"date":"2024-04-05T10:44:42","date_gmt":"2024-04-05T08:44:42","guid":{"rendered":"http:\/\/dk-studio.be\/?page_id=12"},"modified":"2026-03-18T16:48:53","modified_gmt":"2026-03-18T15:48:53","slug":"accueil","status":"publish","type":"page","link":"http:\/\/dk-studio.be\/","title":{"rendered":"ACCUEIL"},"content":{"rendered":"<p>[et_pb_section fb_built=\u00a0\u00bb1&Prime; _builder_version=\u00a0\u00bb4.24.3&Prime; _module_preset=\u00a0\u00bbdefault\u00a0\u00bb global_colors_info=\u00a0\u00bb{}\u00a0\u00bb][et_pb_row _builder_version=\u00a0\u00bb4.24.3&Prime; _module_preset=\u00a0\u00bbdefault\u00a0\u00bb global_colors_info=\u00a0\u00bb{}\u00a0\u00bb][et_pb_column type=\u00a0\u00bb4_4&Prime; _builder_version=\u00a0\u00bb4.24.3&Prime; _module_preset=\u00a0\u00bbdefault\u00a0\u00bb global_colors_info=\u00a0\u00bb{}\u00a0\u00bb][et_pb_image src=\u00a0\u00bbhttp:\/\/dk-studio.be\/wp-content\/uploads\/2026\/03\/dK-studio-LOGO_WEB.png\u00a0\u00bb title_text=\u00a0\u00bbdK-studio LOGO_WEB\u00a0\u00bb align=\u00a0\u00bbcenter\u00a0\u00bb _builder_version=\u00a0\u00bb4.24.3&Prime; _module_preset=\u00a0\u00bbdefault\u00a0\u00bb width=\u00a0\u00bb72%\u00a0\u00bb hover_enabled=\u00a0\u00bb0&Prime; global_colors_info=\u00a0\u00bb{}\u00a0\u00bb sticky_enabled=\u00a0\u00bb0&Prime;][\/et_pb_image][\/et_pb_column][\/et_pb_row][et_pb_row _builder_version=\u00a0\u00bb4.24.3&Prime; _module_preset=\u00a0\u00bbdefault\u00a0\u00bb global_colors_info=\u00a0\u00bb{}\u00a0\u00bb][et_pb_column type=\u00a0\u00bb4_4&Prime; _builder_version=\u00a0\u00bb4.24.3&Prime; _module_preset=\u00a0\u00bbdefault\u00a0\u00bb global_colors_info=\u00a0\u00bb{}\u00a0\u00bb][et_pb_text _builder_version=\u00a0\u00bb4.24.3&Prime; _module_preset=\u00a0\u00bbdefault\u00a0\u00bb text_font=\u00a0\u00bbAdvent Pro|300|||||||\u00a0\u00bb text_text_color=\u00a0\u00bb#818080&Prime; text_font_size=\u00a0\u00bb36px\u00a0\u00bb text_line_height=\u00a0\u00bb1.8em\u00a0\u00bb header_font=\u00a0\u00bbAdvent Pro|300|||||||\u00a0\u00bb header_font_size=\u00a0\u00bb29px\u00a0\u00bb text_orientation=\u00a0\u00bbcenter\u00a0\u00bb global_colors_info=\u00a0\u00bb{}\u00a0\u00bb]<\/p>\n<p>ACCOMPAGNEMENT \/ COMMUNICATION \/ CONCEPTION GRAPHIQUE<\/p>\n<p>[\/et_pb_text][\/et_pb_column][\/et_pb_row][et_pb_row _builder_version=\u00a0\u00bb4.24.3&Prime; _module_preset=\u00a0\u00bbdefault\u00a0\u00bb global_colors_info=\u00a0\u00bb{}\u00a0\u00bb][et_pb_column type=\u00a0\u00bb4_4&Prime; _builder_version=\u00a0\u00bb4.24.3&Prime; _module_preset=\u00a0\u00bbdefault\u00a0\u00bb global_colors_info=\u00a0\u00bb{}\u00a0\u00bb][et_pb_text _builder_version=\u00a0\u00bb4.24.3&Prime; _module_preset=\u00a0\u00bbdefault\u00a0\u00bb text_font=\u00a0\u00bbRaleway|300|||||||\u00a0\u00bb text_text_color=\u00a0\u00bb#000000&Prime; text_font_size=\u00a0\u00bb23px\u00a0\u00bb text_line_height=\u00a0\u00bb1.8em\u00a0\u00bb text_orientation=\u00a0\u00bbcenter\u00a0\u00bb global_colors_info=\u00a0\u00bb{}\u00a0\u00bb]<\/p>\n<p>Communiquer, c&rsquo;est tout un art !<br \/>De la conception \u00e0 l&rsquo;impression ou la mise en ligne, dK<span style=\"color: #ffd300;\">\u2022<\/span>STUDIO vous accompagne et vous conseille dans votre projet cr\u00e9atif et votre communication.\u00a0<\/p>\n<p>[\/et_pb_text][\/et_pb_column][\/et_pb_row][et_pb_row _builder_version=\u00a0\u00bb4.24.3&Prime; _module_preset=\u00a0\u00bbdefault\u00a0\u00bb global_colors_info=\u00a0\u00bb{}\u00a0\u00bb][et_pb_column type=\u00a0\u00bb4_4&Prime; _builder_version=\u00a0\u00bb4.24.3&Prime; _module_preset=\u00a0\u00bbdefault\u00a0\u00bb global_colors_info=\u00a0\u00bb{}\u00a0\u00bb][et_pb_text _builder_version=\u00a0\u00bb4.24.3&Prime; _module_preset=\u00a0\u00bbdefault\u00a0\u00bb text_font=\u00a0\u00bbRaleway|300|||||||\u00a0\u00bb text_font_size=\u00a0\u00bb27px\u00a0\u00bb text_line_height=\u00a0\u00bb1.8em\u00a0\u00bb header_font=\u00a0\u00bbRaleway||||||||\u00a0\u00bb header_font_size=\u00a0\u00bb21px\u00a0\u00bb global_colors_info=\u00a0\u00bb{}\u00a0\u00bb]<\/p>\n<p style=\"text-align: center;\">ENSEMBLE, PENSONS &amp; CONSTRUISONS <br \/>VOTRE COMMUNICATION ET\/OU VOTRE IDENTIT\u00c9 \u00a0VISUELLE<\/p>\n<p>[\/et_pb_text][\/et_pb_column][\/et_pb_row][et_pb_row _builder_version=\u00a0\u00bb4.24.3&Prime; _module_preset=\u00a0\u00bbdefault\u00a0\u00bb custom_padding=\u00a0\u00bb||0px|||\u00a0\u00bb global_colors_info=\u00a0\u00bb{}\u00a0\u00bb][et_pb_column type=\u00a0\u00bb4_4&Prime; _builder_version=\u00a0\u00bb4.24.3&Prime; _module_preset=\u00a0\u00bbdefault\u00a0\u00bb global_colors_info=\u00a0\u00bb{}\u00a0\u00bb][et_pb_image src=\u00a0\u00bbhttp:\/\/dk-studio.be\/wp-content\/uploads\/2024\/04\/Q7aj.gif\u00a0\u00bb title_text=\u00a0\u00bbQ7aj\u00a0\u00bb align=\u00a0\u00bbcenter\u00a0\u00bb _builder_version=\u00a0\u00bb4.24.3&Prime; _module_preset=\u00a0\u00bbdefault\u00a0\u00bb global_colors_info=\u00a0\u00bb{}\u00a0\u00bb][\/et_pb_image][\/et_pb_column][\/et_pb_row][et_pb_row _builder_version=\u00a0\u00bb4.24.3&Prime; _module_preset=\u00a0\u00bbdefault\u00a0\u00bb global_colors_info=\u00a0\u00bb{}\u00a0\u00bb][et_pb_column type=\u00a0\u00bb4_4&Prime; _builder_version=\u00a0\u00bb4.24.3&Prime; _module_preset=\u00a0\u00bbdefault\u00a0\u00bb global_colors_info=\u00a0\u00bb{}\u00a0\u00bb][et_pb_text _builder_version=\u00a0\u00bb4.24.3&Prime; _module_preset=\u00a0\u00bbdefault\u00a0\u00bb text_font=\u00a0\u00bbRaleway||||||||\u00a0\u00bb text_font_size=\u00a0\u00bb24px\u00a0\u00bb text_line_height=\u00a0\u00bb1.8em\u00a0\u00bb header_font=\u00a0\u00bbRaleway||||||||\u00a0\u00bb header_font_size=\u00a0\u00bb21px\u00a0\u00bb global_colors_info=\u00a0\u00bb{}\u00a0\u00bb]<\/p>\n<p style=\"text-align: center;\">\u00ab Toujours laisser d\u00e9canter, le temps d&rsquo;un bon <span style=\"color: #ffd300;\"><strong>d\u00e9ca<\/strong><\/span>, le projet l\u00e9g\u00e8rement <strong><span style=\"color: #ffd300;\">d\u00e9cal\u00e9<\/span><\/strong> pour faire mouche et d\u00e9cupler les regards qui vont adh\u00e9rer \u00e0 votre histoire. \u00bb<\/p>\n<p>[\/et_pb_text][\/et_pb_column][\/et_pb_row][et_pb_row column_structure=\u00a0\u00bb1_2,1_2&Prime; _builder_version=\u00a0\u00bb4.24.3&Prime; _module_preset=\u00a0\u00bbdefault\u00a0\u00bb min_height=\u00a0\u00bb229px\u00a0\u00bb custom_margin=\u00a0\u00bb|auto|-33px|auto||\u00a0\u00bb global_colors_info=\u00a0\u00bb{}\u00a0\u00bb][et_pb_column type=\u00a0\u00bb1_2&Prime; _builder_version=\u00a0\u00bb4.24.3&Prime; _module_preset=\u00a0\u00bbdefault\u00a0\u00bb global_colors_info=\u00a0\u00bb{}\u00a0\u00bb][et_pb_text _builder_version=\u00a0\u00bb4.24.3&Prime; _module_preset=\u00a0\u00bbdefault\u00a0\u00bb text_font=\u00a0\u00bbRaleway|300|||||||\u00a0\u00bb text_text_color=\u00a0\u00bb#FFD300&Prime; text_font_size=\u00a0\u00bb30px\u00a0\u00bb text_line_height=\u00a0\u00bb1.8em\u00a0\u00bb background_color=\u00a0\u00bb#000000&Prime; text_orientation=\u00a0\u00bbcenter\u00a0\u00bb min_height=\u00a0\u00bb106px\u00a0\u00bb custom_margin=\u00a0\u00bb||-28px||false|false\u00a0\u00bb custom_padding=\u00a0\u00bb39px||0px||false|false\u00a0\u00bb link_option_url=\u00a0\u00bbhttp:\/\/dk-studio.be\/?page_id=249&Prime; link_option_url_new_window=\u00a0\u00bbon\u00a0\u00bb global_colors_info=\u00a0\u00bb{}\u00a0\u00bb]<\/p>\n<p style=\"text-align: center;\">R\u00c9ALISATIONS GRAPHIQUES<\/p>\n<p>[\/et_pb_text][\/et_pb_column][et_pb_column type=\u00a0\u00bb1_2&Prime; _builder_version=\u00a0\u00bb4.24.3&Prime; _module_preset=\u00a0\u00bbdefault\u00a0\u00bb global_colors_info=\u00a0\u00bb{}\u00a0\u00bb][et_pb_text _builder_version=\u00a0\u00bb4.24.3&Prime; _module_preset=\u00a0\u00bbdefault\u00a0\u00bb text_font=\u00a0\u00bbRaleway||||||||\u00a0\u00bb text_text_color=\u00a0\u00bb#000000&Prime; text_font_size=\u00a0\u00bb30px\u00a0\u00bb background_color=\u00a0\u00bb#FFD300&Prime; text_orientation=\u00a0\u00bbcenter\u00a0\u00bb min_height=\u00a0\u00bb106px\u00a0\u00bb custom_margin=\u00a0\u00bb||||false|false\u00a0\u00bb custom_padding=\u00a0\u00bb39px||0px||false|false\u00a0\u00bb link_option_url=\u00a0\u00bbhttp:\/\/dk-studio.be\/?page_id=192&Prime; link_option_url_new_window=\u00a0\u00bbon\u00a0\u00bb global_colors_info=\u00a0\u00bb{}\u00a0\u00bb]<\/p>\n<p style=\"text-align: center;\"><strong>ACCOMPAGNEMENT<\/strong><\/p>\n<p>[\/et_pb_text][\/et_pb_column][\/et_pb_row][\/et_pb_section]<\/p>\n","protected":false},"excerpt":{"rendered":"<p>ACCOMPAGNEMENT \/ COMMUNICATION \/ CONCEPTION GRAPHIQUECommuniquer, c&rsquo;est tout un art !De la conception \u00e0 l&rsquo;impression ou la mise en ligne, dK\u2022STUDIO vous accompagne et vous conseille dans votre projet cr\u00e9atif et votre communication.\u00a0ENSEMBLE, PENSONS &amp; CONSTRUISONS VOTRE COMMUNICATION ET\/OU VOTRE IDENTIT\u00c9 \u00a0VISUELLE\u00ab Toujours laisser d\u00e9canter, le temps d&rsquo;un bon d\u00e9ca, le projet l\u00e9g\u00e8rement d\u00e9cal\u00e9 pour [&hellip;]<\/p>\n","protected":false},"author":1,"featured_media":0,"parent":0,"menu_order":0,"comment_status":"closed","ping_status":"closed","template":"","meta":{"_et_pb_use_builder":"on","_et_pb_old_content":"","_et_gb_content_width":"","footnotes":""},"class_list":["post-12","page","type-page","status-publish","hentry"],"yoast_head":"<!-- This site is optimized with the Yoast SEO plugin v22.8 - https:\/\/yoast.com\/wordpress\/plugins\/seo\/ -->\n<title>ACCUEIL - dK-Studio<\/title>\n<meta name=\"robots\" content=\"index, follow, max-snippet:-1, max-image-preview:large, max-video-preview:-1\" \/>\n<link rel=\"canonical\" href=\"http:\/\/dk-studio.be\/\" \/>\n<meta property=\"og:locale\" content=\"fr_FR\" \/>\n<meta property=\"og:type\" content=\"article\" \/>\n<meta property=\"og:title\" content=\"ACCUEIL - dK-Studio\" \/>\n<meta property=\"og:description\" content=\"ACCOMPAGNEMENT \/ COMMUNICATION \/ CONCEPTION GRAPHIQUECommuniquer, c&#039;est tout un art !De la conception \u00e0 l&#039;impression ou la mise en ligne, dK\u2022STUDIO vous accompagne et vous conseille dans votre projet cr\u00e9atif et votre communication.\u00a0ENSEMBLE, PENSONS &amp; CONSTRUISONS VOTRE COMMUNICATION ET\/OU VOTRE IDENTIT\u00c9 \u00a0VISUELLE\u00ab Toujours laisser d\u00e9canter, le temps d&#039;un bon d\u00e9ca, le projet l\u00e9g\u00e8rement d\u00e9cal\u00e9 pour [&hellip;]\" \/>\n<meta property=\"og:url\" content=\"http:\/\/dk-studio.be\/\" \/>\n<meta property=\"og:site_name\" content=\"dK-Studio\" \/>\n<meta property=\"article:modified_time\" content=\"2026-03-18T15:48:53+00:00\" \/>\n<meta name=\"twitter:card\" content=\"summary_large_image\" \/>\n<meta name=\"twitter:label1\" content=\"Dur\u00e9e de lecture estim\u00e9e\" \/>\n\t<meta name=\"twitter:data1\" content=\"3 minutes\" \/>\n<script type=\"application\/ld+json\" class=\"yoast-schema-graph\">{\"@context\":\"https:\/\/schema.org\",\"@graph\":[{\"@type\":\"WebPage\",\"@id\":\"http:\/\/dk-studio.be\/\",\"url\":\"http:\/\/dk-studio.be\/\",\"name\":\"ACCUEIL - dK-Studio\",\"isPartOf\":{\"@id\":\"http:\/\/dk-studio.be\/#website\"},\"datePublished\":\"2024-04-05T08:44:42+00:00\",\"dateModified\":\"2026-03-18T15:48:53+00:00\",\"breadcrumb\":{\"@id\":\"http:\/\/dk-studio.be\/#breadcrumb\"},\"inLanguage\":\"fr-FR\",\"potentialAction\":[{\"@type\":\"ReadAction\",\"target\":[\"http:\/\/dk-studio.be\/\"]}]},{\"@type\":\"BreadcrumbList\",\"@id\":\"http:\/\/dk-studio.be\/#breadcrumb\",\"itemListElement\":[{\"@type\":\"ListItem\",\"position\":1,\"name\":\"Accueil\",\"item\":\"http:\/\/dk-studio.be\/\"},{\"@type\":\"ListItem\",\"position\":2,\"name\":\"ACCUEIL\"}]},{\"@type\":\"WebSite\",\"@id\":\"http:\/\/dk-studio.be\/#website\",\"url\":\"http:\/\/dk-studio.be\/\",\"name\":\"dK-Studio\",\"description\":\"Communiquez !\",\"potentialAction\":[{\"@type\":\"SearchAction\",\"target\":{\"@type\":\"EntryPoint\",\"urlTemplate\":\"http:\/\/dk-studio.be\/?s={search_term_string}\"},\"query-input\":\"required name=search_term_string\"}],\"inLanguage\":\"fr-FR\"}]}<\/script>\n<!-- \/ Yoast SEO plugin. -->","yoast_head_json":{"title":"ACCUEIL - dK-Studio","robots":{"index":"index","follow":"follow","max-snippet":"max-snippet:-1","max-image-preview":"max-image-preview:large","max-video-preview":"max-video-preview:-1"},"canonical":"http:\/\/dk-studio.be\/","og_locale":"fr_FR","og_type":"article","og_title":"ACCUEIL - dK-Studio","og_description":"ACCOMPAGNEMENT \/ COMMUNICATION \/ CONCEPTION GRAPHIQUECommuniquer, c'est tout un art !De la conception \u00e0 l'impression ou la mise en ligne, dK\u2022STUDIO vous accompagne et vous conseille dans votre projet cr\u00e9atif et votre communication.\u00a0ENSEMBLE, PENSONS &amp; CONSTRUISONS VOTRE COMMUNICATION ET\/OU VOTRE IDENTIT\u00c9 \u00a0VISUELLE\u00ab Toujours laisser d\u00e9canter, le temps d'un bon d\u00e9ca, le projet l\u00e9g\u00e8rement d\u00e9cal\u00e9 pour [&hellip;]","og_url":"http:\/\/dk-studio.be\/","og_site_name":"dK-Studio","article_modified_time":"2026-03-18T15:48:53+00:00","twitter_card":"summary_large_image","twitter_misc":{"Dur\u00e9e de lecture estim\u00e9e":"3 minutes"},"schema":{"@context":"https:\/\/schema.org","@graph":[{"@type":"WebPage","@id":"http:\/\/dk-studio.be\/","url":"http:\/\/dk-studio.be\/","name":"ACCUEIL - dK-Studio","isPartOf":{"@id":"http:\/\/dk-studio.be\/#website"},"datePublished":"2024-04-05T08:44:42+00:00","dateModified":"2026-03-18T15:48:53+00:00","breadcrumb":{"@id":"http:\/\/dk-studio.be\/#breadcrumb"},"inLanguage":"fr-FR","potentialAction":[{"@type":"ReadAction","target":["http:\/\/dk-studio.be\/"]}]},{"@type":"BreadcrumbList","@id":"http:\/\/dk-studio.be\/#breadcrumb","itemListElement":[{"@type":"ListItem","position":1,"name":"Accueil","item":"http:\/\/dk-studio.be\/"},{"@type":"ListItem","position":2,"name":"ACCUEIL"}]},{"@type":"WebSite","@id":"http:\/\/dk-studio.be\/#website","url":"http:\/\/dk-studio.be\/","name":"dK-Studio","description":"Communiquez !","potentialAction":[{"@type":"SearchAction","target":{"@type":"EntryPoint","urlTemplate":"http:\/\/dk-studio.be\/?s={search_term_string}"},"query-input":"required name=search_term_string"}],"inLanguage":"fr-FR"}]}},"_links":{"self":[{"href":"http:\/\/dk-studio.be\/index.php?rest_route=\/wp\/v2\/pages\/12","targetHints":{"allow":["GET"]}}],"collection":[{"href":"http:\/\/dk-studio.be\/index.php?rest_route=\/wp\/v2\/pages"}],"about":[{"href":"http:\/\/dk-studio.be\/index.php?rest_route=\/wp\/v2\/types\/page"}],"author":[{"embeddable":true,"href":"http:\/\/dk-studio.be\/index.php?rest_route=\/wp\/v2\/users\/1"}],"replies":[{"embeddable":true,"href":"http:\/\/dk-studio.be\/index.php?rest_route=%2Fwp%2Fv2%2Fcomments&post=12"}],"version-history":[{"count":20,"href":"http:\/\/dk-studio.be\/index.php?rest_route=\/wp\/v2\/pages\/12\/revisions"}],"predecessor-version":[{"id":274,"href":"http:\/\/dk-studio.be\/index.php?rest_route=\/wp\/v2\/pages\/12\/revisions\/274"}],"wp:attachment":[{"href":"http:\/\/dk-studio.be\/index.php?rest_route=%2Fwp%2Fv2%2Fmedia&parent=12"}],"curies":[{"name":"wp","href":"https:\/\/api.w.org\/{rel}","templated":true}]}}